{"id":1871,"date":"2016-02-08T11:24:33","date_gmt":"2016-02-08T11:24:33","guid":{"rendered":"http:\/\/nyhonnun.is\/?page_id=1871"},"modified":"2016-02-19T19:59:01","modified_gmt":"2016-02-19T19:59:01","slug":"hesthus-landbunadur","status":"publish","type":"page","link":"https:\/\/nyhonnun.is\/?page_id=1871","title":{"rendered":"Hesth\u00fas"},"content":{"rendered":"<div class=\"vc_row wpb_row vc_row-fluid edgtf-section edgtf-content-aligment-left\" style=\"\"><div class=\"clearfix edgtf-full-section-inner\"><div class=\"wpb_column vc_column_container vc_col-sm-4\"><div class=\"wpb_wrapper\"><div class=\"edgtf-unordered-list \" ><strong>Borgarbygg\u00f0<\/strong><\/p>\n<ul>\n<li>Rei\u00f0h\u00f6ll Borgarnesi<\/li>\n<li>Engjavegur 4<\/li>\n<li>Engjavegur 5<\/li>\n<li>Engjavegur 6<\/li>\n<li>\u00deverholt<\/li>\n<li>K\u00e1rasta\u00f0ir<\/li>\n<li>\u00d6lvaldsta\u00f0aland<\/li>\n<li>Runnar rei\u00f0skemma<\/li>\n<\/ul>\n<p><strong>Dalabygg\u00f0<\/strong><\/p>\n<ul>\n<li>St\u00f3ra-Vatnshorn<\/li>\n<\/ul>\n<p><strong>Hafnafj\u00f6r\u00f0ur<\/strong><\/p>\n<ul>\n<li>Fluguskei\u00f0 4<\/li>\n<li>Fluguskei\u00f0 11<\/li>\n<\/ul>\n<p><strong>K\u00f3pavogur<\/strong><\/p>\n<ul>\n<li>Hl\u00ed\u00f0arendi 2-4<\/li>\n<li>Hamraendi 32-34<\/li>\n<li>Hamraendi 21<\/li>\n<\/ul>\n<p><strong>Rang\u00e1r\u00feing Eystra<\/strong><\/p>\n<ul>\n<li>H\u00e1t\u00fan<\/li>\n<\/ul>\n<p><strong>Skorradalur<\/strong><\/p>\n<ul>\n<li>Ne\u00f0ri-Hreppur 1<\/li>\n<\/ul>\n<p><\/div><div class=\"vc_empty_space\"  style=\"height: 32px\" ><span class=\"vc_empty_space_inner\"><\/span><\/div>\n<div class=\"edgtf-unordered-list \" ><a href=\"#\" target=\"_self\"  class=\"edgtf-btn edgtf-btn-medium edgtf-btn-solid edgtf-btn-color-default\"  >\n    <span class=\"edgtf-btn-text\">Vi\u00f0byggingar\/breytingar<\/span><i class=\"edgtf-icon-font-awesome fa  \" ><\/i><\/a><\/p>\n<p><strong>Akranes<\/strong><\/p>\n<ul>\n<li>\u00c6\u00f0aroddi 36<\/li>\n<\/ul>\n<p><strong>Borgarbygg\u00f0<\/strong><\/p>\n<ul>\n<li>Sel\u00e1s 5<\/li>\n<li>Sta\u00f0arh\u00fas<\/li>\n<li>Sk\u00e1lpasta\u00f0ir<\/li>\n<li>Haukagil<\/li>\n<li>Heggssta\u00f0ir<\/li>\n<\/ul>\n<p><strong>Mosfellsb\u00e6r<\/strong><\/p>\n<ul>\n<li>Skuggabakki 12<\/li>\n<\/ul>\n<p><strong>Rang\u00e1r\u00feing-Eystra<\/strong><\/p>\n<ul>\n<li>Valstr\u00fdta<\/li>\n<\/ul>\n<p><strong>Skorradalur<\/strong><\/p>\n<ul>\n<li>Ne\u00f0ri-Hreppur 1<\/li>\n<\/ul>\n<p><\/div><div class=\"vc_empty_space\"  style=\"height: 32px\" ><span class=\"vc_empty_space_inner\"><\/span><\/div>\n<div class=\"edgtf-unordered-list \" ><a href=\"#\" target=\"_self\"  class=\"edgtf-btn edgtf-btn-medium edgtf-btn-solid edgtf-btn-color-default\"  >\n    <span class=\"edgtf-btn-text\">Landb\u00fana\u00f0ur<\/span><i class=\"edgtf-icon-font-awesome fa  \" ><\/i><\/a><\/p>\n<p><strong>Fj\u00e1rh\u00fas<\/strong><\/p>\n<ul>\n<li>M\u00falakot<\/li>\n<li>Brekka Nor\u00f0ur\u00e1rdal<\/li>\n<li>Steinahl\u00ed\u00f0 Lundarreykjadal<\/li>\n<li>Stafholtsveggir<\/li>\n<\/ul>\n<p><strong>Fj\u00f3s<\/strong><\/p>\n<ul>\n<li>St\u00f3ra-Hildisey I<\/li>\n<li>Br\u00e6\u00f0ratunga<\/li>\n<li>Gu\u00f0nasta\u00f0ir<\/li>\n<\/ul>\n<p><\/div><\/div><\/div><div class=\"wpb_column vc_column_container vc_col-sm-8\"><div class=\"wpb_wrapper\">\n\t<div class=\"wpb_text_column wpb_content_element \">\n\t\t<div class=\"wpb_wrapper\">\n\t\t\t<p>S\u00fdnishorn<\/p>\n\n\t\t<\/div>\n\t<\/div>\n<div class=\"wpb_gallery wpb_content_element vc_clearfix\"><div class=\"wpb_wrapper\"><div class=\"wpb_gallery_slides wpb_flexslider flexslider_fade flexslider\" data-interval=\"5\" data-flex_fx=\"fade\"><ul class=\"slides\"><li><a class=\"prettyphoto\" href=\"https:\/\/nyhonnun.is\/wp-content\/uploads\/2016\/01\/IMG_4394-nota-1024x531.png\" rel=\"prettyPhoto[rel-1871-1051903385]\"><img width=\"4278\" height=\"2220\" src=\"https:\/\/nyhonnun.is\/wp-content\/uploads\/2016\/01\/IMG_4394-nota.png\" class=\"attachment-full\" alt=\"\" decoding=\"async\" loading=\"lazy\" srcset=\"https:\/\/nyhonnun.is\/wp-content\/uploads\/2016\/01\/IMG_4394-nota.png 4278w, https:\/\/nyhonnun.is\/wp-content\/uploads\/2016\/01\/IMG_4394-nota-300x156.png 300w, https:\/\/nyhonnun.is\/wp-content\/uploads\/2016\/01\/IMG_4394-nota-768x399.png 768w, https:\/\/nyhonnun.is\/wp-content\/uploads\/2016\/01\/IMG_4394-nota-1024x531.png 1024w\" sizes=\"(max-width: 4278px) 100vw, 4278px\" \/><\/a><\/li><li><a class=\"prettyphoto\" href=\"https:\/\/nyhonnun.is\/wp-content\/uploads\/2016\/02\/hesthus_1-1024x682.jpg\" rel=\"prettyPhoto[rel-1871-1051903385]\"><img width=\"2000\" height=\"1333\" src=\"https:\/\/nyhonnun.is\/wp-content\/uploads\/2016\/02\/hesthus_1.jpg\" class=\"attachment-full\" alt=\"\" decoding=\"async\" loading=\"lazy\" srcset=\"https:\/\/nyhonnun.is\/wp-content\/uploads\/2016\/02\/hesthus_1.jpg 2000w, https:\/\/nyhonnun.is\/wp-content\/uploads\/2016\/02\/hesthus_1-300x200.jpg 300w, https:\/\/nyhonnun.is\/wp-content\/uploads\/2016\/02\/hesthus_1-768x512.jpg 768w, https:\/\/nyhonnun.is\/wp-content\/uploads\/2016\/02\/hesthus_1-1024x682.jpg 1024w\" sizes=\"(max-width: 2000px) 100vw, 2000px\" \/><\/a><\/li><li><a class=\"prettyphoto\" href=\"https:\/\/nyhonnun.is\/wp-content\/uploads\/2016\/01\/hesthus_test_2-1024x704.png\" rel=\"prettyPhoto[rel-1871-1051903385]\"><img width=\"4956\" height=\"3408\" src=\"https:\/\/nyhonnun.is\/wp-content\/uploads\/2016\/01\/hesthus_test_2.png\" class=\"attachment-full\" alt=\"\" decoding=\"async\" loading=\"lazy\" srcset=\"https:\/\/nyhonnun.is\/wp-content\/uploads\/2016\/01\/hesthus_test_2.png 4956w, https:\/\/nyhonnun.is\/wp-content\/uploads\/2016\/01\/hesthus_test_2-300x206.png 300w, https:\/\/nyhonnun.is\/wp-content\/uploads\/2016\/01\/hesthus_test_2-768x528.png 768w, https:\/\/nyhonnun.is\/wp-content\/uploads\/2016\/01\/hesthus_test_2-1024x704.png 1024w\" sizes=\"(max-width: 4956px) 100vw, 4956px\" \/><\/a><\/li><li><a class=\"prettyphoto\" href=\"https:\/\/nyhonnun.is\/wp-content\/uploads\/2016\/02\/engjavegur_5.jpg\" rel=\"prettyPhoto[rel-1871-1051903385]\"><img width=\"945\" height=\"856\" src=\"https:\/\/nyhonnun.is\/wp-content\/uploads\/2016\/02\/engjavegur_5.jpg\" class=\"attachment-full\" alt=\"\" decoding=\"async\" loading=\"lazy\" srcset=\"https:\/\/nyhonnun.is\/wp-content\/uploads\/2016\/02\/engjavegur_5.jpg 945w, https:\/\/nyhonnun.is\/wp-content\/uploads\/2016\/02\/engjavegur_5-300x272.jpg 300w, https:\/\/nyhonnun.is\/wp-content\/uploads\/2016\/02\/engjavegur_5-768x696.jpg 768w\" sizes=\"(max-width: 945px) 100vw, 945px\" \/><\/a><\/li><\/ul><\/div><\/div><\/div><\/div><\/div><\/div><\/div><div class=\"vc_row wpb_row vc_row-fluid edgtf-section edgtf-content-aligment-left\" style=\"\"><div class=\"clearfix edgtf-full-section-inner\"><div class=\"wpb_column vc_column_container vc_col-sm-12\"><div class=\"wpb_wrapper\"><div class=\"edgtf-separator-holder clearfix  edgtf-separator-left edgtf-separator-full-width\" >\r\n\t<div class=\"edgtf-separator\" ><\/div>\r\n<\/div>\r\n<\/div><\/div><\/div><\/div><div class=\"vc_row wpb_row vc_row-fluid edgtf-section edgtf-content-aligment-left\" style=\"\"><div class=\"clearfix edgtf-full-section-inner\"><div class=\"wpb_column vc_column_container vc_col-sm-12\"><div class=\"wpb_wrapper\"><div class=\"vc_empty_space\"  style=\"height: 32px\" ><span class=\"vc_empty_space_inner\"><\/span><\/div>\n<\/div><\/div><\/div><\/div>\n","protected":false},"excerpt":{"rendered":"Borgarbygg\u00f0 Rei\u00f0h\u00f6ll Borgarnesi Engjavegur 4 Engjavegur 5 Engjavegur 6 \u00deverholt K\u00e1rasta\u00f0ir \u00d6lvaldsta\u00f0aland Runnar rei\u00f0skemma Dalabygg\u00f0 St\u00f3ra-Vatnshorn Hafnafj\u00f6r\u00f0ur Fluguskei\u00f0 4 Fluguskei\u00f0 11 K\u00f3pavogur Hl\u00ed\u00f0arendi 2-4 Hamraendi 32-34 Hamraendi 21 Rang\u00e1r\u00feing Eystra H\u00e1t\u00fan Skorradalur Ne\u00f0ri-Hreppur 1 Vi\u00f0byggingar\/breytingar Akranes \u00c6\u00f0aroddi 36 Borgarbygg\u00f0 Sel\u00e1s 5 Sta\u00f0arh\u00fas Sk\u00e1lpasta\u00f0ir Haukagil Heggssta\u00f0ir...","protected":false},"author":1,"featured_media":0,"parent":0,"menu_order":0,"comment_status":"closed","ping_status":"closed","template":"","meta":[],"_links":{"self":[{"href":"https:\/\/nyhonnun.is\/index.php?rest_route=\/wp\/v2\/pages\/1871"}],"collection":[{"href":"https:\/\/nyhonnun.is\/index.php?rest_route=\/wp\/v2\/pages"}],"about":[{"href":"https:\/\/nyhonnun.is\/index.php?rest_route=\/wp\/v2\/types\/page"}],"author":[{"embeddable":true,"href":"https:\/\/nyhonnun.is\/index.php?rest_route=\/wp\/v2\/users\/1"}],"replies":[{"embeddable":true,"href":"https:\/\/nyhonnun.is\/index.php?rest_route=%2Fwp%2Fv2%2Fcomments&post=1871"}],"version-history":[{"count":34,"href":"https:\/\/nyhonnun.is\/index.php?rest_route=\/wp\/v2\/pages\/1871\/revisions"}],"predecessor-version":[{"id":2033,"href":"https:\/\/nyhonnun.is\/index.php?rest_route=\/wp\/v2\/pages\/1871\/revisions\/2033"}],"wp:attachment":[{"href":"https:\/\/nyhonnun.is\/index.php?rest_route=%2Fwp%2Fv2%2Fmedia&parent=1871"}],"curies":[{"name":"wp","href":"https:\/\/api.w.org\/{rel}","templated":true}]}}