{"id":1674,"date":"2016-01-26T17:11:50","date_gmt":"2016-01-26T17:11:50","guid":{"rendered":"http:\/\/nyhonnun.is\/?page_id=1674"},"modified":"2016-02-19T19:26:33","modified_gmt":"2016-02-19T19:26:33","slug":"onnur-hus","status":"publish","type":"page","link":"https:\/\/nyhonnun.is\/?page_id=1674","title":{"rendered":"Fyrirt\u00e6ki"},"content":{"rendered":"<div class=\"vc_row wpb_row vc_row-fluid edgtf-section edgtf-content-aligment-left\" style=\"\"><div class=\"clearfix edgtf-full-section-inner\"><div class=\"wpb_column vc_column_container vc_col-sm-4\"><div class=\"wpb_wrapper\"><\/div><\/div><div class=\"wpb_column vc_column_container vc_col-sm-4\"><div class=\"wpb_wrapper\"><div class=\"edgtf-separator-holder clearfix  edgtf-separator-left edgtf-separator-full-width\" style=\"margin-bottom: 32px\">\r\n\t<div class=\"edgtf-separator\" style=\"border-style: solid\"><\/div>\r\n<\/div>\r\n<\/div><\/div><div class=\"wpb_column vc_column_container vc_col-sm-4\"><div class=\"wpb_wrapper\"><div class=\"edgtf-separator-holder clearfix  edgtf-separator-left edgtf-separator-full-width\" style=\"margin-bottom: 32px\">\r\n\t<div class=\"edgtf-separator\" style=\"border-style: solid\"><\/div>\r\n<\/div>\r\n<\/div><\/div><\/div><\/div><div class=\"vc_row wpb_row vc_row-fluid edgtf-section edgtf-content-aligment-left\" style=\"\"><div class=\"clearfix edgtf-full-section-inner\"><div class=\"wpb_column vc_column_container vc_col-sm-4\"><div class=\"wpb_wrapper\"><div class=\"edgtf-unordered-list \" ><a href=\"#\" target=\"_self\"  class=\"edgtf-btn edgtf-btn-medium edgtf-btn-solid edgtf-btn-color-default\"  >\n    <span class=\"edgtf-btn-text\">Stofnanir \/ Fyrirt\u00e6ki<\/span><i class=\"edgtf-icon-font-awesome fa  \" ><\/i><\/a><\/p>\n<p><strong>Akranes<\/strong><\/p>\n<ul>\n<li>Smi\u00f0juvellir 15 &#8211; \u00de\u00de\u00de<\/li>\n<\/ul>\n<p><strong>Hvalfjar\u00f0arsveit<\/strong><\/p>\n<ul>\n<li>Stj\u00f3rns\u00fdsluh\u00fas &#8211; Innrimel 3<\/li>\n<\/ul>\n<p><strong>Reykjav\u00edk<\/strong><\/p>\n<ul>\n<li>J\u00f3nsgeisli 93<\/li>\n<\/ul>\n<p><\/div><div class=\"vc_empty_space\"  style=\"height: 32px\" ><span class=\"vc_empty_space_inner\"><\/span><\/div>\n<div class=\"edgtf-unordered-list \" ><a href=\"#\" target=\"_self\"  class=\"edgtf-btn edgtf-btn-medium edgtf-btn-solid edgtf-btn-color-default\"  >\n    <span class=\"edgtf-btn-text\">Vi\u00f0byggingar\/Breytingar<\/span><i class=\"edgtf-icon-font-awesome fa  \" ><\/i><\/a><\/p>\n<p><strong style=\"line-height: 1.5;\">Akranes<\/strong><\/p>\n<ul>\n<li>Smi\u00f0juvellir 4 \u00a0&#8211; Vignir G. J\u00f3nsson hf<\/li>\n<li>Kalmansvellir 6 &#8211; Akraborg ehf.<\/li>\n<li>Gar\u00f0agrund 1<\/li>\n<\/ul>\n<p><strong>Borgarbygg\u00f0<\/strong><\/p>\n<ul>\n<li>Kleppj\u00e1rnsreykjarsk\u00f3li, <em>vi\u00f0bygging og breytingar<\/em><\/li>\n<li>Hv\u00edt\u00e1rbakki<\/li>\n<li>H\u00e1afell<\/li>\n<li>Langj\u00f6kull<\/li>\n<li>V\u00e9lab\u00e6r<\/li>\n<li>L\u00edmtr\u00e9\/V\u00edrnet<\/li>\n<li>Borgarplast<\/li>\n<\/ul>\n<p><strong>Hvalfjar\u00f0arsveit<\/strong><\/p>\n<ul>\n<li>Skipanes v\u00e9laverkst\u00e6\u00f0i<\/li>\n<\/ul>\n<p><\/div><\/div><\/div><div class=\"wpb_column vc_column_container vc_col-sm-4\"><div class=\"wpb_wrapper\">\n\t<div class=\"wpb_single_image wpb_content_element vc_align_center\">\n\t\t\n\t\t<figure class=\"wpb_wrapper vc_figure\">\n\t\t\t<a rel=\"prettyPhoto[rel-1674-760279671]\" href=\"https:\/\/nyhonnun.is\/wp-content\/uploads\/2016\/01\/IMG_7466-1024x683.jpg\" target=\"_self\" class=\"vc_single_image-wrapper vc_box_outline  vc_box_border_grey prettyphoto\"><img width=\"1024\" height=\"683\" src=\"https:\/\/nyhonnun.is\/wp-content\/uploads\/2016\/01\/IMG_7466-1024x683.jpg\" class=\"vc_single_image-img attachment-large\" alt=\"\" decoding=\"async\" loading=\"lazy\" srcset=\"https:\/\/nyhonnun.is\/wp-content\/uploads\/2016\/01\/IMG_7466-1024x683.jpg 1024w, https:\/\/nyhonnun.is\/wp-content\/uploads\/2016\/01\/IMG_7466-300x200.jpg 300w, https:\/\/nyhonnun.is\/wp-content\/uploads\/2016\/01\/IMG_7466-768x512.jpg 768w\" sizes=\"(max-width: 1024px) 100vw, 1024px\" \/><\/a>\n\t\t<\/figure>\n\t<\/div>\n\n\t<div class=\"wpb_single_image wpb_content_element vc_align_center\">\n\t\t\n\t\t<figure class=\"wpb_wrapper vc_figure\">\n\t\t\t<a rel=\"prettyPhoto[rel-1674-1361597308]\" href=\"https:\/\/nyhonnun.is\/wp-content\/uploads\/2016\/01\/hvalfjordur_radhus_1-1024x682.jpg\" target=\"_self\" class=\"vc_single_image-wrapper vc_box_outline  vc_box_border_grey prettyphoto\"><img width=\"1024\" height=\"682\" src=\"https:\/\/nyhonnun.is\/wp-content\/uploads\/2016\/01\/hvalfjordur_radhus_1-1024x682.jpg\" class=\"vc_single_image-img attachment-large\" alt=\"\" decoding=\"async\" loading=\"lazy\" srcset=\"https:\/\/nyhonnun.is\/wp-content\/uploads\/2016\/01\/hvalfjordur_radhus_1-1024x682.jpg 1024w, https:\/\/nyhonnun.is\/wp-content\/uploads\/2016\/01\/hvalfjordur_radhus_1-300x200.jpg 300w, https:\/\/nyhonnun.is\/wp-content\/uploads\/2016\/01\/hvalfjordur_radhus_1-768x512.jpg 768w, https:\/\/nyhonnun.is\/wp-content\/uploads\/2016\/01\/hvalfjordur_radhus_1.jpg 2000w\" sizes=\"(max-width: 1024px) 100vw, 1024px\" \/><\/a>\n\t\t<\/figure>\n\t<\/div>\n<div class=\"vc_empty_space\"  style=\"height: 32px\" ><span class=\"vc_empty_space_inner\"><\/span><\/div>\n<div class=\"edgtf-separator-holder clearfix  edgtf-separator-left edgtf-separator-full-width\" style=\"margin-bottom: 32px\">\r\n\t<div class=\"edgtf-separator\" style=\"border-style: solid\"><\/div>\r\n<\/div>\r\n\n\t<div class=\"wpb_single_image wpb_content_element vc_align_center\">\n\t\t\n\t\t<figure class=\"wpb_wrapper vc_figure\">\n\t\t\t<a rel=\"prettyPhoto[rel-1674-979448235]\" href=\"https:\/\/nyhonnun.is\/wp-content\/uploads\/2016\/01\/ththth-1024x601.jpg\" target=\"_self\" class=\"vc_single_image-wrapper vc_box_outline  vc_box_border_grey prettyphoto\"><img width=\"1024\" height=\"601\" src=\"https:\/\/nyhonnun.is\/wp-content\/uploads\/2016\/01\/ththth-1024x601.jpg\" class=\"vc_single_image-img attachment-large\" alt=\"\" decoding=\"async\" loading=\"lazy\" srcset=\"https:\/\/nyhonnun.is\/wp-content\/uploads\/2016\/01\/ththth-1024x601.jpg 1024w, https:\/\/nyhonnun.is\/wp-content\/uploads\/2016\/01\/ththth-300x176.jpg 300w, https:\/\/nyhonnun.is\/wp-content\/uploads\/2016\/01\/ththth-768x450.jpg 768w, https:\/\/nyhonnun.is\/wp-content\/uploads\/2016\/01\/ththth.jpg 2000w\" sizes=\"(max-width: 1024px) 100vw, 1024px\" \/><\/a>\n\t\t<\/figure>\n\t<\/div>\n\n\t<div class=\"wpb_single_image wpb_content_element vc_align_center\">\n\t\t\n\t\t<figure class=\"wpb_wrapper vc_figure\">\n\t\t\t<a rel=\"prettyPhoto[rel-1674-874521357]\" href=\"https:\/\/nyhonnun.is\/wp-content\/uploads\/2016\/01\/ththth_2-1024x617.jpg\" target=\"_self\" class=\"vc_single_image-wrapper vc_box_outline  vc_box_border_grey prettyphoto\"><img width=\"1024\" height=\"617\" src=\"https:\/\/nyhonnun.is\/wp-content\/uploads\/2016\/01\/ththth_2-1024x617.jpg\" class=\"vc_single_image-img attachment-large\" alt=\"\" decoding=\"async\" loading=\"lazy\" srcset=\"https:\/\/nyhonnun.is\/wp-content\/uploads\/2016\/01\/ththth_2-1024x617.jpg 1024w, https:\/\/nyhonnun.is\/wp-content\/uploads\/2016\/01\/ththth_2-300x181.jpg 300w, https:\/\/nyhonnun.is\/wp-content\/uploads\/2016\/01\/ththth_2-768x463.jpg 768w, https:\/\/nyhonnun.is\/wp-content\/uploads\/2016\/01\/ththth_2.jpg 2000w\" sizes=\"(max-width: 1024px) 100vw, 1024px\" \/><\/a>\n\t\t<\/figure>\n\t<\/div>\n<\/div><\/div><div class=\"wpb_column vc_column_container vc_col-sm-4\"><div class=\"wpb_wrapper\">\n\t<div class=\"wpb_text_column wpb_content_element  wpb_animate_when_almost_visible wpb_right-to-left\">\n\t\t<div class=\"wpb_wrapper\">\n\t\t\t<p style=\"text-align: left;\"><strong>Stj\u00f3rns\u00fdsluh\u00fas<br \/>\n<\/strong><strong>Hvalfjar\u00f0arsveitar<\/strong><\/p>\n\n\t\t<\/div>\n\t<\/div>\n<div class=\"vc_empty_space\"  style=\"height: 515px\" ><span class=\"vc_empty_space_inner\"><\/span><\/div>\n<div class=\"edgtf-separator-holder clearfix  edgtf-separator-left edgtf-separator-full-width\" style=\"margin-bottom: 32px\">\r\n\t<div class=\"edgtf-separator\" style=\"border-style: solid\"><\/div>\r\n<\/div>\r\n\n\t<div class=\"wpb_text_column wpb_content_element  wpb_animate_when_almost_visible wpb_right-to-left\">\n\t\t<div class=\"wpb_wrapper\">\n\t\t\t<p style=\"text-align: left;\"><strong>Smi\u00f0juvellir 15<br \/>\n<\/strong>Akranesi<\/p>\n\n\t\t<\/div>\n\t<\/div>\n<\/div><\/div><\/div><\/div><div class=\"vc_row wpb_row vc_row-fluid edgtf-section edgtf-content-aligment-left\" style=\"\"><div class=\"clearfix edgtf-full-section-inner\"><div class=\"wpb_column vc_column_container vc_col-sm-4\"><div class=\"wpb_wrapper\"><\/div><\/div><div class=\"wpb_column vc_column_container vc_col-sm-4\"><div class=\"wpb_wrapper\"><\/div><\/div><div class=\"wpb_column vc_column_container vc_col-sm-4\"><div class=\"wpb_wrapper\"><\/div><\/div><\/div><\/div><div class=\"vc_row wpb_row vc_row-fluid edgtf-section edgtf-content-aligment-left\" style=\"\"><div class=\"clearfix edgtf-full-section-inner\"><div class=\"wpb_column vc_column_container vc_col-sm-12\"><div class=\"wpb_wrapper\"><div class=\"vc_empty_space\"  style=\"height: 32px\" ><span class=\"vc_empty_space_inner\"><\/span><\/div>\n<\/div><\/div><\/div><\/div>\n","protected":false},"excerpt":{"rendered":"Stofnanir \/ Fyrirt\u00e6ki Akranes Smi\u00f0juvellir 15 - \u00de\u00de\u00de Hvalfjar\u00f0arsveit Stj\u00f3rns\u00fdsluh\u00fas - Innrimel 3 Reykjav\u00edk J\u00f3nsgeisli 93 Vi\u00f0byggingar\/Breytingar Akranes Smi\u00f0juvellir 4 \u00a0- Vignir G. J\u00f3nsson hf Kalmansvellir 6 - Akraborg ehf. Gar\u00f0agrund 1 Borgarbygg\u00f0 Kleppj\u00e1rnsreykjarsk\u00f3li, vi\u00f0bygging og breytingar Hv\u00edt\u00e1rbakki H\u00e1afell Langj\u00f6kull V\u00e9lab\u00e6r L\u00edmtr\u00e9\/V\u00edrnet Borgarplast Hvalfjar\u00f0arsveit Skipanes...","protected":false},"author":1,"featured_media":0,"parent":0,"menu_order":0,"comment_status":"closed","ping_status":"closed","template":"","meta":[],"_links":{"self":[{"href":"https:\/\/nyhonnun.is\/index.php?rest_route=\/wp\/v2\/pages\/1674"}],"collection":[{"href":"https:\/\/nyhonnun.is\/index.php?rest_route=\/wp\/v2\/pages"}],"about":[{"href":"https:\/\/nyhonnun.is\/index.php?rest_route=\/wp\/v2\/types\/page"}],"author":[{"embeddable":true,"href":"https:\/\/nyhonnun.is\/index.php?rest_route=\/wp\/v2\/users\/1"}],"replies":[{"embeddable":true,"href":"https:\/\/nyhonnun.is\/index.php?rest_route=%2Fwp%2Fv2%2Fcomments&post=1674"}],"version-history":[{"count":43,"href":"https:\/\/nyhonnun.is\/index.php?rest_route=\/wp\/v2\/pages\/1674\/revisions"}],"predecessor-version":[{"id":2029,"href":"https:\/\/nyhonnun.is\/index.php?rest_route=\/wp\/v2\/pages\/1674\/revisions\/2029"}],"wp:attachment":[{"href":"https:\/\/nyhonnun.is\/index.php?rest_route=%2Fwp%2Fv2%2Fmedia&parent=1674"}],"curies":[{"name":"wp","href":"https:\/\/api.w.org\/{rel}","templated":true}]}}