{"id":1619,"date":"2016-01-11T10:34:41","date_gmt":"2016-01-11T10:34:41","guid":{"rendered":"http:\/\/nyhonnun.is\/?page_id=1619"},"modified":"2016-04-03T23:59:39","modified_gmt":"2016-04-03T23:59:39","slug":"forsida","status":"publish","type":"page","link":"https:\/\/nyhonnun.is\/","title":{"rendered":"N\u00ddH\u00d6NNUN"},"content":{"rendered":"<div class=\"vc_row wpb_row vc_row-fluid edgtf-section edgtf-content-aligment-left\" style=\"\"><div class=\"clearfix edgtf-full-section-inner\"><div class=\"wpb_column vc_column_container vc_col-sm-12\"><div class=\"wpb_wrapper\"><div class=\"edgtf-image-gallery\">\r\n\t<div class=\"edgtf-image-gallery-slider\"  data-autoplay=\"5\" data-animation=\"fade\" data-navigation=\"yes\" data-pagination=\"yes\">\r\n\t\t\t\t\t\t<img src=\"https:\/\/nyhonnun.is\/wp-content\/uploads\/2016\/01\/forsida_1.jpg\" alt=\"forsida_1\" width=\"2000\" height=\"1000\">\r\n\t\t\t\t\t\t\t<img src=\"https:\/\/nyhonnun.is\/wp-content\/uploads\/2016\/01\/forsida_2.jpg\" alt=\"forsida_2\" width=\"2000\" height=\"1000\">\r\n\t\t\t\t\t\t\t<img src=\"https:\/\/nyhonnun.is\/wp-content\/uploads\/2016\/01\/forsida_3.jpg\" alt=\"forsida_3\" width=\"2000\" height=\"1000\">\r\n\t\t\t\t\t\t\t<img src=\"https:\/\/nyhonnun.is\/wp-content\/uploads\/2016\/01\/forsida_4.jpg\" alt=\"forsida_4\" width=\"2000\" height=\"1000\">\r\n\t\t\t\t\t\t\t<img src=\"https:\/\/nyhonnun.is\/wp-content\/uploads\/2016\/01\/forsida_6.jpg\" alt=\"forsida_6\" width=\"2000\" height=\"1000\">\r\n\t\t\t\t<\/div>\r\n<\/div><\/div><\/div><\/div><\/div><div class=\"vc_row wpb_row vc_row-fluid edgtf-section edgtf-content-aligment-left\" style=\"\"><div class=\"clearfix edgtf-full-section-inner\"><div class=\"wpb_column vc_column_container vc_col-sm-12\"><div class=\"wpb_wrapper\"><div class=\"vc_empty_space\"  style=\"height: 32px\" ><span class=\"vc_empty_space_inner\"><\/span><\/div>\n<\/div><\/div><\/div><\/div><div class=\"vc_row wpb_row vc_row-fluid edgtf-section edgtf-content-aligment-left\" style=\"\"><div class=\"clearfix edgtf-full-section-inner\"><div class=\"wpb_column vc_column_container vc_col-sm-3\"><div class=\"wpb_wrapper\">\n\t<div class=\"wpb_single_image wpb_content_element vc_align_center  wpb_animate_when_almost_visible wpb_appear\">\n\t\t\n\t\t<figure class=\"wpb_wrapper vc_figure\">\n\t\t\t<a href=\"https:\/\/nyhonnun.is\/?page_id=1668\" target=\"_self\" class=\"vc_single_image-wrapper vc_box_border_circle  vc_box_border_grey\"><img class=\"vc_single_image-img \" src=\"https:\/\/nyhonnun.is\/wp-content\/uploads\/2016\/01\/husafell_inni_stofa_1-822x822.jpg\" width=\"822\" height=\"822\" alt=\"Stofa\" title=\"husafell_inni_stofa_1\" \/><\/a>\n\t\t<\/figure>\n\t<\/div>\n\n\t<div class=\"wpb_text_column wpb_content_element \">\n\t\t<div class=\"wpb_wrapper\">\n\t\t\t<p style=\"text-align: center;\"><a href=\"https:\/\/nyhonnun.is\/?page_id=1668\" target=\"_self\"  class=\"edgtf-btn edgtf-btn-large edgtf-btn-solid edgtf-btn-color-default\"  >\n    <span class=\"edgtf-btn-text\">\u00cdB\u00da\u00d0ARH\u00daS<\/span><i class=\"edgtf-icon-font-awesome fa  \" ><\/i><\/a><\/p>\n\n\t\t<\/div>\n\t<\/div>\n<\/div><\/div><div class=\"wpb_column vc_column_container vc_col-sm-3\"><div class=\"wpb_wrapper\">\n\t<div class=\"wpb_single_image wpb_content_element vc_align_center  wpb_animate_when_almost_visible wpb_appear\">\n\t\t\n\t\t<figure class=\"wpb_wrapper vc_figure\">\n\t\t\t<a href=\"https:\/\/nyhonnun.is\/?page_id=1671\" target=\"_self\" class=\"vc_single_image-wrapper vc_box_border_circle  vc_box_border_grey\"><img class=\"vc_single_image-img \" src=\"https:\/\/nyhonnun.is\/wp-content\/uploads\/2015\/12\/Lakeview1-559x559.jpg\" width=\"559\" height=\"559\" alt=\"Ver\u00f6nd\" title=\"St\u00f3ra Drageyri\" \/><\/a>\n\t\t<\/figure>\n\t<\/div>\n\n\t<div class=\"wpb_text_column wpb_content_element \">\n\t\t<div class=\"wpb_wrapper\">\n\t\t\t<p style=\"text-align: center;\"><a href=\"https:\/\/nyhonnun.is\/?page_id=1671\" target=\"_self\"  class=\"edgtf-btn edgtf-btn-large edgtf-btn-solid edgtf-btn-color-default\"  >\n    <span class=\"edgtf-btn-text\">SUMARH\u00daS<\/span><i class=\"edgtf-icon-font-awesome fa  \" ><\/i><\/a>.<\/p>\n\n\t\t<\/div>\n\t<\/div>\n<\/div><\/div><div class=\"wpb_column vc_column_container vc_col-sm-3\"><div class=\"wpb_wrapper\">\n\t<div class=\"wpb_single_image wpb_content_element vc_align_center  wpb_animate_when_almost_visible wpb_appear\">\n\t\t\n\t\t<figure class=\"wpb_wrapper vc_figure\">\n\t\t\t<a href=\"https:\/\/nyhonnun.is\/?page_id=1674\" target=\"_self\" class=\"vc_single_image-wrapper vc_box_border_circle  vc_box_border_grey\"><img class=\"vc_single_image-img \" src=\"https:\/\/nyhonnun.is\/wp-content\/uploads\/2015\/12\/hvalfj_sv_sm-639x639.jpg\" width=\"639\" height=\"639\" alt=\"hvalfj_sv_sm\" title=\"hvalfj_sv_sm\" \/><\/a>\n\t\t<\/figure>\n\t<\/div>\n\n\t<div class=\"wpb_text_column wpb_content_element \">\n\t\t<div class=\"wpb_wrapper\">\n\t\t\t<p style=\"text-align: center;\"><a href=\"https:\/\/nyhonnun.is\/?page_id=1674\" target=\"_self\"  class=\"edgtf-btn edgtf-btn-large edgtf-btn-solid edgtf-btn-color-default\"  >\n    <span class=\"edgtf-btn-text\">Fyrirt\u00e6ki<\/span><i class=\"edgtf-icon-font-awesome fa  \" ><\/i><\/a><\/p>\n\n\t\t<\/div>\n\t<\/div>\n<\/div><\/div><div class=\"wpb_column vc_column_container vc_col-sm-3\"><div class=\"wpb_wrapper\">\n\t<div class=\"wpb_single_image wpb_content_element vc_align_center  wpb_animate_when_almost_visible wpb_appear\">\n\t\t\n\t\t<figure class=\"wpb_wrapper vc_figure\">\n\t\t\t<a href=\"https:\/\/nyhonnun.is\/?page_id=1871\" target=\"_self\" class=\"vc_single_image-wrapper vc_box_border_circle  vc_box_border_grey\"><img class=\"vc_single_image-img \" src=\"https:\/\/nyhonnun.is\/wp-content\/uploads\/2016\/01\/IMG_4394-nota-531x531.png\" width=\"531\" height=\"531\" alt=\"IMG_4394 nota\" title=\"IMG_4394 nota\" \/><\/a>\n\t\t<\/figure>\n\t<\/div>\n\n\t<div class=\"wpb_text_column wpb_content_element \">\n\t\t<div class=\"wpb_wrapper\">\n\t\t\t<p style=\"text-align: center;\"><a href=\"https:\/\/nyhonnun.is\/?page_id=1871\" target=\"_self\"  class=\"edgtf-btn edgtf-btn-large edgtf-btn-solid edgtf-btn-color-default\"  >\n    <span class=\"edgtf-btn-text\">Hesth\u00fas<\/span><i class=\"edgtf-icon-font-awesome fa  \" ><\/i><\/a><\/p>\n\n\t\t<\/div>\n\t<\/div>\n<\/div><\/div><\/div><\/div><div class=\"vc_row wpb_row vc_row-fluid edgtf-section edgtf-content-aligment-left\" style=\"\"><div class=\"clearfix edgtf-full-section-inner\"><div class=\"wpb_column vc_column_container vc_col-sm-12\"><div class=\"wpb_wrapper\"><div class=\"vc_empty_space\"  style=\"height: 32px\" ><span class=\"vc_empty_space_inner\"><\/span><\/div>\n<\/div><\/div><\/div><\/div>\n","protected":false},"excerpt":{"rendered":"\u00cdB\u00da\u00d0ARH\u00daS SUMARH\u00daS. Fyrirt\u00e6ki Hesth\u00fas","protected":false},"author":1,"featured_media":0,"parent":0,"menu_order":0,"comment_status":"closed","ping_status":"closed","template":"full-width.php","meta":[],"_links":{"self":[{"href":"https:\/\/nyhonnun.is\/index.php?rest_route=\/wp\/v2\/pages\/1619"}],"collection":[{"href":"https:\/\/nyhonnun.is\/index.php?rest_route=\/wp\/v2\/pages"}],"about":[{"href":"https:\/\/nyhonnun.is\/index.php?rest_route=\/wp\/v2\/types\/page"}],"author":[{"embeddable":true,"href":"https:\/\/nyhonnun.is\/index.php?rest_route=\/wp\/v2\/users\/1"}],"replies":[{"embeddable":true,"href":"https:\/\/nyhonnun.is\/index.php?rest_route=%2Fwp%2Fv2%2Fcomments&post=1619"}],"version-history":[{"count":49,"href":"https:\/\/nyhonnun.is\/index.php?rest_route=\/wp\/v2\/pages\/1619\/revisions"}],"predecessor-version":[{"id":2034,"href":"https:\/\/nyhonnun.is\/index.php?rest_route=\/wp\/v2\/pages\/1619\/revisions\/2034"}],"wp:attachment":[{"href":"https:\/\/nyhonnun.is\/index.php?rest_route=%2Fwp%2Fv2%2Fmedia&parent=1619"}],"curies":[{"name":"wp","href":"https:\/\/api.w.org\/{rel}","templated":true}]}}